{"id":852,"date":"2024-12-21T12:29:52","date_gmt":"2024-12-21T18:29:52","guid":{"rendered":"https:\/\/www.rentapallet.com\/?page_id=852"},"modified":"2025-02-02T16:54:31","modified_gmt":"2025-02-02T22:54:31","slug":"sistema","status":"publish","type":"page","link":"https:\/\/www.rentapallet.com\/en\/sistema\/","title":{"rendered":"System"},"content":{"rendered":"<div data-elementor-type=\"wp-page\" data-elementor-id=\"852\" class=\"elementor elementor-852\">\n\t\t\t\t<div class=\"elementor-element elementor-element-4ccf4c3 e-con-full e-flex e-con e-parent\" data-id=\"4ccf4c3\" data-element_type=\"container\" data-settings=\"{&quot;background_background&quot;:&quot;classic&quot;}\">\n\t\t<div class=\"elementor-element elementor-element-12d8a7d e-flex e-con-boxed e-con e-child\" data-id=\"12d8a7d\" data-element_type=\"container\">\n\t\t\t\t\t<div class=\"e-con-inner\">\n\t\t\t\t<div class=\"elementor-element elementor-element-8f33cba elementor-widget elementor-widget-heading\" data-id=\"8f33cba\" data-element_type=\"widget\" data-widget_type=\"heading.default\">\n\t\t\t\t<div class=\"elementor-widget-container\">\n\t\t\t\t\t<h2 class=\"elementor-heading-title elementor-size-default\">SYSTEM<\/h2>\t\t\t\t<\/div>\n\t\t\t\t<\/div>\n\t\t\t\t\t<\/div>\n\t\t\t\t<\/div>\n\t\t\t\t<\/div>\n\t\t<div class=\"elementor-element elementor-element-342d606 e-flex e-con-boxed e-con e-parent\" data-id=\"342d606\" data-element_type=\"container\">\n\t\t\t\t\t<div class=\"e-con-inner\">\n\t\t\t\t<div class=\"elementor-element elementor-element-a58172b elementor-widget elementor-widget-hfe-breadcrumbs-widget\" data-id=\"a58172b\" data-element_type=\"widget\" data-widget_type=\"hfe-breadcrumbs-widget.default\">\n\t\t\t\t<div class=\"elementor-widget-container\">\n\t\t\t\t\t<nav aria-label=\"Breadcrumb\"><ul class=\"hfe-breadcrumbs hfe-breadcrumbs-show-home\"><li class=\"hfe-breadcrumbs-item hfe-breadcrumbs-first\"><span class=\"hfe-breadcrumbs-home-icon\"><\/span><a href=\"https:\/\/www.rentapallet.com\/en\"><span class=\"hfe-breadcrumbs-text\">Home<\/span><\/a><\/li><\/ul><\/nav>\t\t\t\t<\/div>\n\t\t\t\t<\/div>\n\t\t\t\t\t<\/div>\n\t\t\t\t<\/div>\n\t\t<div class=\"elementor-element elementor-element-987147c e-flex e-con-boxed e-con e-parent\" data-id=\"987147c\" data-element_type=\"container\">\n\t\t\t\t\t<div class=\"e-con-inner\">\n\t\t\t\t<div class=\"elementor-element elementor-element-df73819 elementor-widget elementor-widget-heading\" data-id=\"df73819\" data-element_type=\"widget\" data-widget_type=\"heading.default\">\n\t\t\t\t<div class=\"elementor-widget-container\">\n\t\t\t\t\t<h2 class=\"elementor-heading-title elementor-size-default\">We provide you with a specialized system designed to control the movement of inventories in an intelligent way, allowing you to have complete visibility of your operations.\n\n<\/h2>\t\t\t\t<\/div>\n\t\t\t\t<\/div>\n\t\t\t\t\t<\/div>\n\t\t\t\t<\/div>\n\t\t<div class=\"elementor-element elementor-element-3f61c07 e-grid e-con-boxed e-con e-parent\" data-id=\"3f61c07\" data-element_type=\"container\" data-settings=\"{&quot;background_background&quot;:&quot;classic&quot;}\">\n\t\t\t\t\t<div class=\"e-con-inner\">\n\t\t<div class=\"elementor-element elementor-element-7097d73 e-con-full e-flex e-con e-child\" data-id=\"7097d73\" data-element_type=\"container\">\n\t\t\t\t<div class=\"elementor-element elementor-element-faf2413 elementor-widget elementor-widget-image\" data-id=\"faf2413\" data-element_type=\"widget\" data-widget_type=\"image.default\">\n\t\t\t\t<div class=\"elementor-widget-container\">\n\t\t\t\t\t\t\t\t\t\t\t\t\t\t\t<img fetchpriority=\"high\" decoding=\"async\" width=\"800\" height=\"525\" src=\"https:\/\/www.rentapallet.com\/wp-content\/uploads\/2024\/12\/sistemna-1.jpg\" class=\"attachment-large size-large wp-image-861\" alt=\"\" srcset=\"https:\/\/www.rentapallet.com\/wp-content\/uploads\/2024\/12\/sistemna-1.jpg 886w, https:\/\/www.rentapallet.com\/wp-content\/uploads\/2024\/12\/sistemna-1-300x197.jpg 300w, https:\/\/www.rentapallet.com\/wp-content\/uploads\/2024\/12\/sistemna-1-768x504.jpg 768w\" sizes=\"(max-width: 800px) 100vw, 800px\" \/>\t\t\t\t\t\t\t\t\t\t\t\t\t\t\t<\/div>\n\t\t\t\t<\/div>\n\t\t\t\t<div class=\"elementor-element elementor-element-bb8881f elementor-widget elementor-widget-text-editor\" data-id=\"bb8881f\" data-element_type=\"widget\" data-widget_type=\"text-editor.default\">\n\t\t\t\t<div class=\"elementor-widget-container\">\n\t\t\t\t\t\t\t\t\t<p>RAP delivers pallets to manufacturers, producers and distribution centers according to standards and requirements, guaranteeing availability and quick response time.<\/p>\t\t\t\t\t\t\t\t<\/div>\n\t\t\t\t<\/div>\n\t\t\t\t<\/div>\n\t\t<div class=\"elementor-element elementor-element-d13abef e-con-full e-flex e-con e-child\" data-id=\"d13abef\" data-element_type=\"container\">\n\t\t\t\t<div class=\"elementor-element elementor-element-a05e311 elementor-widget elementor-widget-image\" data-id=\"a05e311\" data-element_type=\"widget\" data-widget_type=\"image.default\">\n\t\t\t\t<div class=\"elementor-widget-container\">\n\t\t\t\t\t\t\t\t\t\t\t\t\t\t\t<img decoding=\"async\" width=\"800\" height=\"525\" src=\"https:\/\/www.rentapallet.com\/wp-content\/uploads\/2024\/12\/sistemna-2.jpg\" class=\"attachment-large size-large wp-image-862\" alt=\"\" srcset=\"https:\/\/www.rentapallet.com\/wp-content\/uploads\/2024\/12\/sistemna-2.jpg 886w, https:\/\/www.rentapallet.com\/wp-content\/uploads\/2024\/12\/sistemna-2-300x197.jpg 300w, https:\/\/www.rentapallet.com\/wp-content\/uploads\/2024\/12\/sistemna-2-768x504.jpg 768w\" sizes=\"(max-width: 800px) 100vw, 800px\" \/>\t\t\t\t\t\t\t\t\t\t\t\t\t\t\t<\/div>\n\t\t\t\t<\/div>\n\t\t\t\t<div class=\"elementor-element elementor-element-132202c elementor-widget elementor-widget-text-editor\" data-id=\"132202c\" data-element_type=\"widget\" data-widget_type=\"text-editor.default\">\n\t\t\t\t<div class=\"elementor-widget-container\">\n\t\t\t\t\t\t\t\t\t<p>The rental system includes the exchange of damaged pallets for pallets in perfect condition, eliminating the investment in new pallets to replace damaged or destroyed pallets, repair costs and inventory management.<\/p>\t\t\t\t\t\t\t\t<\/div>\n\t\t\t\t<\/div>\n\t\t\t\t<\/div>\n\t\t<div class=\"elementor-element elementor-element-1dbc616 e-con-full e-flex e-con e-child\" data-id=\"1dbc616\" data-element_type=\"container\">\n\t\t\t\t<div class=\"elementor-element elementor-element-6fc4cd9 elementor-widget elementor-widget-image\" data-id=\"6fc4cd9\" data-element_type=\"widget\" data-widget_type=\"image.default\">\n\t\t\t\t<div class=\"elementor-widget-container\">\n\t\t\t\t\t\t\t\t\t\t\t\t\t\t\t<img decoding=\"async\" width=\"800\" height=\"525\" src=\"https:\/\/www.rentapallet.com\/wp-content\/uploads\/2024\/12\/sistemna-3.jpg\" class=\"attachment-large size-large wp-image-863\" alt=\"\" srcset=\"https:\/\/www.rentapallet.com\/wp-content\/uploads\/2024\/12\/sistemna-3.jpg 886w, https:\/\/www.rentapallet.com\/wp-content\/uploads\/2024\/12\/sistemna-3-300x197.jpg 300w, https:\/\/www.rentapallet.com\/wp-content\/uploads\/2024\/12\/sistemna-3-768x504.jpg 768w\" sizes=\"(max-width: 800px) 100vw, 800px\" \/>\t\t\t\t\t\t\t\t\t\t\t\t\t\t\t<\/div>\n\t\t\t\t<\/div>\n\t\t\t\t<div class=\"elementor-element elementor-element-9073f3c elementor-widget elementor-widget-text-editor\" data-id=\"9073f3c\" data-element_type=\"widget\" data-widget_type=\"text-editor.default\">\n\t\t\t\t<div class=\"elementor-widget-container\">\n\t\t\t\t\t\t\t\t\t<p>This system offers pallet availability at peak times, which avoids the purchase of seasonal pallets or pallets that take up valuable space in warehouses and plants.<\/p>\t\t\t\t\t\t\t\t<\/div>\n\t\t\t\t<\/div>\n\t\t\t\t<\/div>\n\t\t<div class=\"elementor-element elementor-element-2e3ad8a e-con-full e-flex e-con e-child\" data-id=\"2e3ad8a\" data-element_type=\"container\">\n\t\t\t\t<div class=\"elementor-element elementor-element-d7cd082 elementor-widget elementor-widget-image\" data-id=\"d7cd082\" data-element_type=\"widget\" data-widget_type=\"image.default\">\n\t\t\t\t<div class=\"elementor-widget-container\">\n\t\t\t\t\t\t\t\t\t\t\t\t\t\t\t<img loading=\"lazy\" decoding=\"async\" width=\"800\" height=\"525\" src=\"https:\/\/www.rentapallet.com\/wp-content\/uploads\/2024\/12\/sistemna-4.jpg\" class=\"attachment-large size-large wp-image-864\" alt=\"\" srcset=\"https:\/\/www.rentapallet.com\/wp-content\/uploads\/2024\/12\/sistemna-4.jpg 886w, https:\/\/www.rentapallet.com\/wp-content\/uploads\/2024\/12\/sistemna-4-300x197.jpg 300w, https:\/\/www.rentapallet.com\/wp-content\/uploads\/2024\/12\/sistemna-4-768x504.jpg 768w\" sizes=\"(max-width: 800px) 100vw, 800px\" \/>\t\t\t\t\t\t\t\t\t\t\t\t\t\t\t<\/div>\n\t\t\t\t<\/div>\n\t\t\t\t<div class=\"elementor-element elementor-element-082ff9e elementor-widget elementor-widget-text-editor\" data-id=\"082ff9e\" data-element_type=\"widget\" data-widget_type=\"text-editor.default\">\n\t\t\t\t<div class=\"elementor-widget-container\">\n\t\t\t\t\t\t\t\t\t<p>Rent a Pallet has the operational structure in Central America, Dominican Republic and Colombia to meet the particular needs of the supply chain. This organization allows exports to be carried out using rented pallets at a fraction of the cost of a \u201cone way\u201d pallet that is not recovered.<\/p>\t\t\t\t\t\t\t\t<\/div>\n\t\t\t\t<\/div>\n\t\t\t\t<\/div>\n\t\t\t\t\t<\/div>\n\t\t\t\t<\/div>\n\t\t<div class=\"elementor-element elementor-element-536c5923 e-flex e-con-boxed e-con e-parent\" data-id=\"536c5923\" data-element_type=\"container\" id=\"liksContent\" data-settings=\"{&quot;background_background&quot;:&quot;classic&quot;}\">\n\t\t\t\t\t<div class=\"e-con-inner\">\n\t\t<div class=\"elementor-element elementor-element-5d951c43 e-con-full e-flex e-con e-child\" data-id=\"5d951c43\" data-element_type=\"container\" data-settings=\"{&quot;background_background&quot;:&quot;classic&quot;}\">\n\t\t\t\t<div class=\"elementor-element elementor-element-43120d81 elementor-widget elementor-widget-heading\" data-id=\"43120d81\" data-element_type=\"widget\" data-widget_type=\"heading.default\">\n\t\t\t\t<div class=\"elementor-widget-container\">\n\t\t\t\t\t<h2 class=\"elementor-heading-title elementor-size-default\">NEWS<\/h2>\t\t\t\t<\/div>\n\t\t\t\t<\/div>\n\t\t\t\t<div class=\"elementor-element elementor-element-5cd1b511 elementor-widget elementor-widget-image\" data-id=\"5cd1b511\" data-element_type=\"widget\" data-widget_type=\"image.default\">\n\t\t\t\t<div class=\"elementor-widget-container\">\n\t\t\t\t\t\t\t\t\t\t\t\t\t\t\t<img loading=\"lazy\" decoding=\"async\" width=\"968\" height=\"531\" src=\"https:\/\/www.rentapallet.com\/wp-content\/uploads\/2024\/12\/blog-noticias.jpg\" class=\"attachment-full size-full wp-image-637\" alt=\"\" srcset=\"https:\/\/www.rentapallet.com\/wp-content\/uploads\/2024\/12\/blog-noticias.jpg 968w, https:\/\/www.rentapallet.com\/wp-content\/uploads\/2024\/12\/blog-noticias-300x165.jpg 300w, https:\/\/www.rentapallet.com\/wp-content\/uploads\/2024\/12\/blog-noticias-768x421.jpg 768w\" sizes=\"(max-width: 968px) 100vw, 968px\" \/>\t\t\t\t\t\t\t\t\t\t\t\t\t\t\t<\/div>\n\t\t\t\t<\/div>\n\t\t\t\t<div class=\"elementor-element elementor-element-6a4c8502 elementor-align-center elementor-widget elementor-widget-button\" data-id=\"6a4c8502\" data-element_type=\"widget\" data-widget_type=\"button.default\">\n\t\t\t\t<div class=\"elementor-widget-container\">\n\t\t\t\t\t\t\t\t\t<div class=\"elementor-button-wrapper\">\n\t\t\t\t\t<a class=\"elementor-button elementor-button-link elementor-size-sm\" href=\"https:\/\/www.rentapallet.com\/en\/noticias\/\">\n\t\t\t\t\t\t<span class=\"elementor-button-content-wrapper\">\n\t\t\t\t\t\t\t\t\t<span class=\"elementor-button-text\">SEE MORE<\/span>\n\t\t\t\t\t<\/span>\n\t\t\t\t\t<\/a>\n\t\t\t\t<\/div>\n\t\t\t\t\t\t\t\t<\/div>\n\t\t\t\t<\/div>\n\t\t\t\t<\/div>\n\t\t<div class=\"elementor-element elementor-element-38e5352f e-con-full e-flex e-con e-child\" data-id=\"38e5352f\" data-element_type=\"container\" data-settings=\"{&quot;background_background&quot;:&quot;classic&quot;}\">\n\t\t\t\t<div class=\"elementor-element elementor-element-1cf0b851 elementor-widget elementor-widget-heading\" data-id=\"1cf0b851\" data-element_type=\"widget\" data-widget_type=\"heading.default\">\n\t\t\t\t<div class=\"elementor-widget-container\">\n\t\t\t\t\t<h2 class=\"elementor-heading-title elementor-size-default\">HOW TO ORDER<\/h2>\t\t\t\t<\/div>\n\t\t\t\t<\/div>\n\t\t\t\t<div class=\"elementor-element elementor-element-3376e6d7 elementor-widget elementor-widget-image\" data-id=\"3376e6d7\" data-element_type=\"widget\" data-widget_type=\"image.default\">\n\t\t\t\t<div class=\"elementor-widget-container\">\n\t\t\t\t\t\t\t\t\t\t\t\t\t\t\t<img loading=\"lazy\" decoding=\"async\" width=\"1920\" height=\"1080\" src=\"https:\/\/www.rentapallet.com\/wp-content\/uploads\/2024\/12\/home-slider-3.jpg\" class=\"attachment-full size-full wp-image-211\" alt=\"\" srcset=\"https:\/\/www.rentapallet.com\/wp-content\/uploads\/2024\/12\/home-slider-3.jpg 1920w, https:\/\/www.rentapallet.com\/wp-content\/uploads\/2024\/12\/home-slider-3-300x169.jpg 300w, https:\/\/www.rentapallet.com\/wp-content\/uploads\/2024\/12\/home-slider-3-1024x576.jpg 1024w, https:\/\/www.rentapallet.com\/wp-content\/uploads\/2024\/12\/home-slider-3-768x432.jpg 768w, https:\/\/www.rentapallet.com\/wp-content\/uploads\/2024\/12\/home-slider-3-1536x864.jpg 1536w\" sizes=\"(max-width: 1920px) 100vw, 1920px\" \/>\t\t\t\t\t\t\t\t\t\t\t\t\t\t\t<\/div>\n\t\t\t\t<\/div>\n\t\t\t\t<div class=\"elementor-element elementor-element-2b78dd5f elementor-align-center elementor-widget elementor-widget-button\" data-id=\"2b78dd5f\" data-element_type=\"widget\" data-widget_type=\"button.default\">\n\t\t\t\t<div class=\"elementor-widget-container\">\n\t\t\t\t\t\t\t\t\t<div class=\"elementor-button-wrapper\">\n\t\t\t\t\t<a class=\"elementor-button elementor-button-link elementor-size-sm\" href=\"https:\/\/www.rentapallet.com\/en\/como-pedir\/\">\n\t\t\t\t\t\t<span class=\"elementor-button-content-wrapper\">\n\t\t\t\t\t\t\t\t\t<span class=\"elementor-button-text\">SEE MORE<\/span>\n\t\t\t\t\t<\/span>\n\t\t\t\t\t<\/a>\n\t\t\t\t<\/div>\n\t\t\t\t\t\t\t\t<\/div>\n\t\t\t\t<\/div>\n\t\t\t\t<\/div>\n\t\t<div class=\"elementor-element elementor-element-3d5665a3 e-con-full e-flex e-con e-child\" data-id=\"3d5665a3\" data-element_type=\"container\" data-settings=\"{&quot;background_background&quot;:&quot;classic&quot;}\">\n\t\t\t\t<div class=\"elementor-element elementor-element-5a3f8b33 elementor-widget elementor-widget-heading\" data-id=\"5a3f8b33\" data-element_type=\"widget\" data-widget_type=\"heading.default\">\n\t\t\t\t<div class=\"elementor-widget-container\">\n\t\t\t\t\t<h2 class=\"elementor-heading-title elementor-size-default\">MY RAP<\/h2>\t\t\t\t<\/div>\n\t\t\t\t<\/div>\n\t\t\t\t<div class=\"elementor-element elementor-element-746ea76a elementor-widget elementor-widget-image\" data-id=\"746ea76a\" data-element_type=\"widget\" data-widget_type=\"image.default\">\n\t\t\t\t<div class=\"elementor-widget-container\">\n\t\t\t\t\t\t\t\t\t\t\t\t\t\t\t<img loading=\"lazy\" decoding=\"async\" width=\"1920\" height=\"1080\" src=\"https:\/\/www.rentapallet.com\/wp-content\/uploads\/2024\/12\/my-rap.jpg\" class=\"attachment-full size-full wp-image-638\" alt=\"\" srcset=\"https:\/\/www.rentapallet.com\/wp-content\/uploads\/2024\/12\/my-rap.jpg 1920w, https:\/\/www.rentapallet.com\/wp-content\/uploads\/2024\/12\/my-rap-300x169.jpg 300w, https:\/\/www.rentapallet.com\/wp-content\/uploads\/2024\/12\/my-rap-1024x576.jpg 1024w, https:\/\/www.rentapallet.com\/wp-content\/uploads\/2024\/12\/my-rap-768x432.jpg 768w, https:\/\/www.rentapallet.com\/wp-content\/uploads\/2024\/12\/my-rap-1536x864.jpg 1536w\" sizes=\"(max-width: 1920px) 100vw, 1920px\" \/>\t\t\t\t\t\t\t\t\t\t\t\t\t\t\t<\/div>\n\t\t\t\t<\/div>\n\t\t\t\t<div class=\"elementor-element elementor-element-97a81ca elementor-align-center elementor-widget elementor-widget-button\" data-id=\"97a81ca\" data-element_type=\"widget\" data-widget_type=\"button.default\">\n\t\t\t\t<div class=\"elementor-widget-container\">\n\t\t\t\t\t\t\t\t\t<div class=\"elementor-button-wrapper\">\n\t\t\t\t\t<a class=\"elementor-button elementor-button-link elementor-size-sm\" href=\"https:\/\/my.rentapallet.com\/users\/sign_in\" target=\"_blank\">\n\t\t\t\t\t\t<span class=\"elementor-button-content-wrapper\">\n\t\t\t\t\t\t\t\t\t<span class=\"elementor-button-text\">SEE MORE<\/span>\n\t\t\t\t\t<\/span>\n\t\t\t\t\t<\/a>\n\t\t\t\t<\/div>\n\t\t\t\t\t\t\t\t<\/div>\n\t\t\t\t<\/div>\n\t\t\t\t<\/div>\n\t\t\t\t\t<\/div>\n\t\t\t\t<\/div>\n\t\t\t\t<\/div>","protected":false},"excerpt":{"rendered":"<p>SISTEMA Inicio Te ponemos a disposici\u00f3n un sistema especializado dise\u00f1ado para controlar el movimiento de los inventarios de forma inteligente, permiti\u00e9ndote tener visibilidad completa de tus operaciones. RAP le entrega pallets a fabricantes, productores y centros de distribuci\u00f3n seg\u00fan los est\u00e1ndares y requerimientos, garantizando disponibilidad y tiempo de respuesta r\u00e1pido. El sistema de alquiler incluye [&hellip;]<\/p>","protected":false},"author":1,"featured_media":0,"parent":0,"menu_order":0,"comment_status":"closed","ping_status":"closed","template":"elementor_header_footer","meta":{"footnotes":""},"class_list":["post-852","page","type-page","status-publish","hentry"],"_links":{"self":[{"href":"https:\/\/www.rentapallet.com\/en\/wp-json\/wp\/v2\/pages\/852","targetHints":{"allow":["GET"]}}],"collection":[{"href":"https:\/\/www.rentapallet.com\/en\/wp-json\/wp\/v2\/pages"}],"about":[{"href":"https:\/\/www.rentapallet.com\/en\/wp-json\/wp\/v2\/types\/page"}],"author":[{"embeddable":true,"href":"https:\/\/www.rentapallet.com\/en\/wp-json\/wp\/v2\/users\/1"}],"replies":[{"embeddable":true,"href":"https:\/\/www.rentapallet.com\/en\/wp-json\/wp\/v2\/comments?post=852"}],"version-history":[{"count":16,"href":"https:\/\/www.rentapallet.com\/en\/wp-json\/wp\/v2\/pages\/852\/revisions"}],"predecessor-version":[{"id":1652,"href":"https:\/\/www.rentapallet.com\/en\/wp-json\/wp\/v2\/pages\/852\/revisions\/1652"}],"wp:attachment":[{"href":"https:\/\/www.rentapallet.com\/en\/wp-json\/wp\/v2\/media?parent=852"}],"curies":[{"name":"wp","href":"https:\/\/api.w.org\/{rel}","templated":true}]}}