{"id":645,"date":"2024-12-18T13:57:00","date_gmt":"2024-12-18T19:57:00","guid":{"rendered":"https:\/\/www.rentapallet.com\/?page_id=645"},"modified":"2024-12-24T16:13:49","modified_gmt":"2024-12-24T22:13:49","slug":"noticias","status":"publish","type":"page","link":"https:\/\/www.rentapallet.com\/en\/noticias\/","title":{"rendered":"Noticias"},"content":{"rendered":"<div data-elementor-type=\"wp-page\" data-elementor-id=\"645\" class=\"elementor elementor-645\">\n\t\t\t\t<div class=\"elementor-element elementor-element-3e00c434 e-con-full e-flex e-con e-parent\" data-id=\"3e00c434\" data-element_type=\"container\" data-settings=\"{&quot;background_background&quot;:&quot;classic&quot;}\">\n\t\t<div class=\"elementor-element elementor-element-5092af73 e-flex e-con-boxed e-con e-child\" data-id=\"5092af73\" data-element_type=\"container\">\n\t\t\t\t\t<div class=\"e-con-inner\">\n\t\t\t\t<div class=\"elementor-element elementor-element-580b37b3 elementor-widget elementor-widget-heading\" data-id=\"580b37b3\" data-element_type=\"widget\" data-widget_type=\"heading.default\">\n\t\t\t\t<div class=\"elementor-widget-container\">\n\t\t\t\t\t<h2 class=\"elementor-heading-title elementor-size-default\">RAP NEWS<\/h2>\t\t\t\t<\/div>\n\t\t\t\t<\/div>\n\t\t\t\t<div class=\"elementor-element elementor-element-2533c108 home-blog-entry premium-blog-align-left elementor-widget elementor-widget-premium-addon-blog\" data-id=\"2533c108\" data-element_type=\"widget\" data-settings=\"{&quot;premium_blog_columns_number&quot;:&quot;33.33%&quot;,&quot;premium_blog_grid&quot;:&quot;yes&quot;,&quot;premium_blog_layout&quot;:&quot;even&quot;,&quot;premium_blog_columns_number_tablet&quot;:&quot;50%&quot;,&quot;premium_blog_columns_number_mobile&quot;:&quot;100%&quot;}\" data-widget_type=\"premium-addon-blog.default\">\n\t\t\t\t<div class=\"elementor-widget-container\">\n\t\t\t\t\t\n\t\t\t\t<div class=\"premium-blog-wrap  premium-blog-even\" data-page=\"645\">\n\t\t\t\t\t<div class=\"premium-blog-post-outer-container\" data-total=\"1\">\r\n\t\t\t<div class=\"premium-blog-post-container premium-blog-skin-classic\">\r\n\t\t\t\t\t\t\t\t\t<div class=\"premium-blog-thumb-effect-wrapper\">\r\n\t\t\t\t\t\t<div class=\"premium-blog-thumbnail-container premium-blog-zoomin-effect\">\r\n\t\t\t\t\t\t\t<img fetchpriority=\"high\" decoding=\"async\" width=\"1920\" height=\"1080\" src=\"https:\/\/www.rentapallet.com\/wp-content\/uploads\/2024\/12\/home-slider-1.jpg\" class=\"attachment-full size-full wp-image-209\" alt=\"\" srcset=\"https:\/\/www.rentapallet.com\/wp-content\/uploads\/2024\/12\/home-slider-1.jpg 1920w, https:\/\/www.rentapallet.com\/wp-content\/uploads\/2024\/12\/home-slider-1-300x169.jpg 300w, https:\/\/www.rentapallet.com\/wp-content\/uploads\/2024\/12\/home-slider-1-1024x576.jpg 1024w, https:\/\/www.rentapallet.com\/wp-content\/uploads\/2024\/12\/home-slider-1-768x432.jpg 768w, https:\/\/www.rentapallet.com\/wp-content\/uploads\/2024\/12\/home-slider-1-1536x864.jpg 1536w\" sizes=\"(max-width: 1920px) 100vw, 1920px\" \/>\t\t\t\t\t\t<\/div>\r\n\t\t\t\t\t\t\t\t\t\t\t\t\t<div class=\"premium-blog-thumbnail-overlay\">\r\n\t\t\t\t\t\t\t\t<a class=\"elementor-icon\" href=\"https:\/\/www.rentapallet.com\/en\/quieres-mejorar-el-almacenamiento-de-tus-productos\/\" target=\"_self\"><\/a>\r\n\t\t\t\t\t\t\t<\/div>\r\n\r\n\t\t\t\t\t\t\t\t\t\t\t\t\t\t\t\t\t\t<\/div>\r\n\t\t\t\t\t\t\t\t\t\t\t\t<div class=\"premium-blog-content-wrapper\">\r\n\r\n\t\t\t\t\t<div class=\"premium-blog-inner-container\">\r\n\r\n\t\t\t\t\t\t\t\t\t\t\t\t\t\t<h1 class=\"premium-blog-entry-title\">\r\n\t\t\t<a href=\"https:\/\/www.rentapallet.com\/en\/quieres-mejorar-el-almacenamiento-de-tus-productos\/\" target=\"_self\">\r\n\t\t\t\tDo you want to improve the storage of your products?\t\t\t<\/a>\r\n\t\t<\/h1>\r\n\t\t\t\t<div class=\"premium-blog-entry-meta\">\r\n\t\t\t\t\t\t\t<div class=\"premium-blog-post-author premium-blog-meta-data\">\r\n\t\t\t\t\t<i class=\"fa fa-user fa-fw\" aria-hidden=\"true\"><\/i>\r\n\t\t\t\t\t<a href=\"https:\/\/www.rentapallet.com\/en\/author\/lcalixdg\/\" title=\"Posts by lcalixdg\" rel=\"author\">lcalixdg<\/a>\t\t\t\t<\/div>\r\n\t\t\t\r\n\t\t\t\t\t\t\t<span class=\"premium-blog-meta-separator\">\u2022<\/span>\r\n\t\t\t\t<div class=\"premium-blog-post-time premium-blog-meta-data\">\r\n\t\t\t\t\t<i class=\"fa fa-calendar-alt\" aria-hidden=\"true\"><\/i>\r\n\t\t\t\t\t<span>1 February, 2025<\/span>\r\n\t\t\t\t<\/div>\r\n\t\t\t\r\n\t\t\t\t\t\t\t<span class=\"premium-blog-meta-separator\">\u2022<\/span>\r\n\t\t\t\t<div class=\"premium-blog-post-categories premium-blog-meta-data\">\r\n\t\t\t\t\t<i class=\"fa fa-align-left fa-fw\" aria-hidden=\"true\"><\/i>\r\n\t\t\t\t\t<a href=\"https:\/\/www.rentapallet.com\/en\/category\/categoria-1\/\" rel=\"category tag\">Category 1<\/a>\t\t\t\t<\/div>\r\n\t\t\t\r\n\t\t\t\t\t<\/div>\r\n\t\t\r\n\t\t\t\t\t<\/div>\r\n\r\n\t\t\t\t\t\t\t<div class=\"premium-blog-content-inner-wrapper\">\r\n\t\t<p class=\"premium-blog-post-content\">La gesti\u00f3n eficiente de un almac\u00e9n es esencial para optimizar el espacio, facilitar el trabajo y<\/p><div class=\"premium-blog-excerpt-link-wrap\"><a href=\"https:\/\/www.rentapallet.com\/en\/quieres-mejorar-el-almacenamiento-de-tus-productos\/\" target=\"_self\" class=\"premium-blog-excerpt-link elementor-button\">READ MORE<\/a><\/div>\t\t<\/div>\r\n\t\t\t\t\t\t\t\r\n\t\t\t\t<\/div>\r\n\t\t\t<\/div>\r\n\t\t<\/div>\r\n\r\n\t\t\t\t<\/div>\n\n\t\t\t\t\t\t<\/div>\n\t\t\t\t<\/div>\n\t\t\t\t\t<\/div>\n\t\t\t\t<\/div>\n\t\t\t\t<\/div>\n\t\t\t\t<\/div>","protected":false},"excerpt":{"rendered":"<p>Noticias RAP Los Beneficios de Utilizar un Sistema de Pooling para tu Empresa Los Beneficios de Utilizar un Sistema de Pooling para tu Empresa lcalixdg \u2022 15 diciembre, 2024 \u2022 Categor\u00eda 1 El sistema de pooling de pallets ofrece a las empresas una soluci\u00f3n eficiente y sostenible para LEER M\u00c1S Digitalizaci\u00f3n en la Log\u00edstica de [&hellip;]<\/p>","protected":false},"author":1,"featured_media":0,"parent":0,"menu_order":0,"comment_status":"closed","ping_status":"closed","template":"elementor_header_footer","meta":{"footnotes":""},"class_list":["post-645","page","type-page","status-publish","hentry"],"_links":{"self":[{"href":"https:\/\/www.rentapallet.com\/en\/wp-json\/wp\/v2\/pages\/645","targetHints":{"allow":["GET"]}}],"collection":[{"href":"https:\/\/www.rentapallet.com\/en\/wp-json\/wp\/v2\/pages"}],"about":[{"href":"https:\/\/www.rentapallet.com\/en\/wp-json\/wp\/v2\/types\/page"}],"author":[{"embeddable":true,"href":"https:\/\/www.rentapallet.com\/en\/wp-json\/wp\/v2\/users\/1"}],"replies":[{"embeddable":true,"href":"https:\/\/www.rentapallet.com\/en\/wp-json\/wp\/v2\/comments?post=645"}],"version-history":[{"count":7,"href":"https:\/\/www.rentapallet.com\/en\/wp-json\/wp\/v2\/pages\/645\/revisions"}],"predecessor-version":[{"id":1042,"href":"https:\/\/www.rentapallet.com\/en\/wp-json\/wp\/v2\/pages\/645\/revisions\/1042"}],"wp:attachment":[{"href":"https:\/\/www.rentapallet.com\/en\/wp-json\/wp\/v2\/media?parent=645"}],"curies":[{"name":"wp","href":"https:\/\/api.w.org\/{rel}","templated":true}]}}